{"id":248,"date":"2015-11-06T17:28:51","date_gmt":"2015-11-06T17:28:51","guid":{"rendered":"http:\/\/rta.com.mx\/?page_id=248"},"modified":"2015-11-23T19:14:28","modified_gmt":"2015-11-23T19:14:28","slug":"nosotros","status":"publish","type":"page","link":"http:\/\/rta.com.mx\/?page_id=248","title":{"rendered":"NOSOTROS"},"content":{"rendered":"<p>[vc_row row_type=\u00bbrow\u00bb use_row_as_full_screen_section=\u00bbno\u00bb type=\u00bbfull_width\u00bb angled_section=\u00bbno\u00bb text_align=\u00bbleft\u00bb background_image_as_pattern=\u00bbwithout_pattern\u00bb css_animation=\u00bb\u00bb][vc_column][rev_slider_vc alias=\u00bbnosotros\u00bb][\/vc_column][\/vc_row][vc_row row_type=\u00bbrow\u00bb use_row_as_full_screen_section=\u00bbno\u00bb type=\u00bbgrid\u00bb angled_section=\u00bbno\u00bb text_align=\u00bbleft\u00bb background_image_as_pattern=\u00bbwithout_pattern\u00bb css_animation=\u00bb\u00bb css=\u00bb.vc_custom_1446834179236{padding-top: 40px !important;padding-bottom: 40px !important;}\u00bb][vc_column][vc_row_inner row_type=\u00bbrow\u00bb type=\u00bbfull_width\u00bb text_align=\u00bbleft\u00bb css_animation=\u00bb\u00bb][vc_column_inner][vc_column_text css=\u00bb.vc_custom_1448305708375{padding-top: 30px !important;}\u00bb]<\/p>\n<h5>Industrias RTA, S.A. de C.V.<\/h5>\n<p>&nbsp;<\/p>\n<p style=\"text-align: justify;\">Es una empresa dedicada a la manufactura de muebles de aglomerado para ensamblar, sus siglas R.T.A. provienen del idioma ingl\u00e9s \u201cReady To Assemble\u201del cual significa \u201cListo para Ensamblar\u201d de ah\u00ed surge la idea de lanzar al mercado nacional la l\u00ednea de muebles para armar en casa.<\/p>\n<p>&nbsp;<\/p>\n<p style=\"text-align: justify;\">Siendo actualmente el fabricante No. 1 en cubrir todas las necesidades de sus clientes, otorg\u00e1ndoles una amplia gama de productos de excelencia, calidad, pero sobre todo experiencia en el servicio. Contando con 4000m2 de instalaciones y una capacidad de producci\u00f3n entre 8000 y 12000 muebles mensuales.<\/p>\n<p>[\/vc_column_text][\/vc_column_inner][\/vc_row_inner][\/vc_column][\/vc_row][vc_row row_type=\u00bbparallax\u00bb parallax_content_width=\u00bbfull_width\u00bb text_align=\u00bbleft\u00bb background_image=\u00bb262&#8243; css=\u00bb.vc_custom_1446834277360{padding-top: 40px !important;padding-bottom: 40px !important;}\u00bb][vc_column][vc_row_inner row_type=\u00bbrow\u00bb type=\u00bbgrid\u00bb text_align=\u00bbleft\u00bb css_animation=\u00bb\u00bb css=\u00bb.vc_custom_1446834413015{padding-top: 40px !important;padding-bottom: 40px !important;}\u00bb][vc_column_inner][vc_column_text]<\/p>\n<p style=\"text-align: left; font-size: 32px; color: #fff;\">Historia<\/p>\n<p>&nbsp;<\/p>\n<p style=\"text-align: justify; color: #fff;\">Industrias RTA fue fundada en el mes de diciembre de 1993, con la compra de Maquinaria de Punta originaria de Alemania. Iniciamos operaciones con una plantilla de 15 personas y tres m\u00e1quinas (Dimensionadora, Canteadora y Barrenadora). Comenzando a fabricar muebles muy sencillos como escritorios y muebles para tv. Los cuales fueron introducidos r\u00e1pidamente en el mercado nacional, para hacer competencia a los fuertes fabricantes extranjeros.<\/p>\n<p>&nbsp;<\/p>\n<p style=\"text-align: justify; color: #fff;\">En 1998 nos convertimos en el principal exportador nacional de muebles listos para armar, siendo as\u00ed uno de los primeros fabricantes muebleros en exportar a Centro y Sudam\u00e9rica.<\/p>\n<p>&nbsp;<\/p>\n<p style=\"text-align: justify; color: #fff;\">Para 2001 nos consolidamos como una de las mejores industrias de fabricaci\u00f3n de muebles de aglomerado obteniendo as\u00ed un gran prestigio a nivel nacional e internacional.<\/p>\n<p>&nbsp;<\/p>\n<p style=\"text-align: justify; color: #fff;\">Hoy en d\u00eda contamos con una gran diversidad de muebles listos para armar como son: closets, centros de entretenimiento, libreros, unidades de audio\/video, escritorios y centros de c\u00f3mputo.<\/p>\n<p>&nbsp;<\/p>\n<p style=\"text-align: justify; color: #fff;\">Es por eso que Industrias RTA es una empresa que se ha mantenido y ha mejorado la calidad de sus productos d\u00eda con d\u00eda, para ser as\u00ed un orgulloso fabricante nacional de muebles listos para armar. Debido a la demanda de sus productos, se tuvo la necesidad de ampliar sus instalaciones y adquirir nueva maquinaria, as\u00ed como la generaci\u00f3n de nuevos y m\u00e1s empleos. Fue as\u00ed como empez\u00f3 a desarrollar nuevos productos y aumentar su cartera de clientes.<\/p>\n<p>[\/vc_column_text][\/vc_column_inner][\/vc_row_inner][\/vc_column][\/vc_row][vc_row row_type=\u00bbrow\u00bb use_row_as_full_screen_section=\u00bbno\u00bb type=\u00bbgrid\u00bb angled_section=\u00bbno\u00bb text_align=\u00bbleft\u00bb background_image_as_pattern=\u00bbwithout_pattern\u00bb css_animation=\u00bb\u00bb css=\u00bb.vc_custom_1446834557678{padding-top: 30px !important;padding-bottom: 30px !important;}\u00bb][vc_column][vc_column_text]<\/p>\n<p style=\"text-align: justify;\">Gracias a la calidad de nuestros productos, nos hemos desarrollado en el mercado nacional e internacional, logrando que sus principales clientes sean tiendas departamentales de gran prestigio, que cuentan con presencia en la mayor parte del territorio nacional, como lo son: Costco, Wal-mart, Coppel, Idea interior, por mencionar algunos de ellos.<\/p>\n<p>[\/vc_column_text][\/vc_column][\/vc_row]<\/p>\n","protected":false},"excerpt":{"rendered":"<p>[vc_row row_type=\u00bbrow\u00bb use_row_as_full_screen_section=\u00bbno\u00bb type=\u00bbfull_width\u00bb angled_section=\u00bbno\u00bb text_align=\u00bbleft\u00bb background_image_as_pattern=\u00bbwithout_pattern\u00bb css_animation=\u00bb\u00bb][vc_column][rev_slider_vc alias=\u00bbnosotros\u00bb][\/vc_column][\/vc_row][vc_row row_type=\u00bbrow\u00bb use_row_as_full_screen_section=\u00bbno\u00bb type=\u00bbgrid\u00bb angled_section=\u00bbno\u00bb text_align=\u00bbleft\u00bb background_image_as_pattern=\u00bbwithout_pattern\u00bb css_animation=\u00bb\u00bb css=\u00bb.vc_custom_1446834179236{padding-top: 40px !important;padding-bottom: 40px !important;}\u00bb][vc_column][vc_row_inner row_type=\u00bbrow\u00bb type=\u00bbfull_width\u00bb text_align=\u00bbleft\u00bb css_animation=\u00bb\u00bb][vc_column_inner][vc_column_text css=\u00bb.vc_custom_1448305708375{padding-top: 30px !important;}\u00bb] Industrias RTA, S.A. de C.V. &nbsp; Es una empresa dedicada a la manufactura de muebles de aglomerado&#8230;<\/p>\n","protected":false},"author":1,"featured_media":0,"parent":0,"menu_order":0,"comment_status":"closed","ping_status":"closed","template":"full_width.php","meta":[],"_links":{"self":[{"href":"http:\/\/rta.com.mx\/index.php?rest_route=\/wp\/v2\/pages\/248"}],"collection":[{"href":"http:\/\/rta.com.mx\/index.php?rest_route=\/wp\/v2\/pages"}],"about":[{"href":"http:\/\/rta.com.mx\/index.php?rest_route=\/wp\/v2\/types\/page"}],"author":[{"embeddable":true,"href":"http:\/\/rta.com.mx\/index.php?rest_route=\/wp\/v2\/users\/1"}],"replies":[{"embeddable":true,"href":"http:\/\/rta.com.mx\/index.php?rest_route=%2Fwp%2Fv2%2Fcomments&post=248"}],"version-history":[{"count":23,"href":"http:\/\/rta.com.mx\/index.php?rest_route=\/wp\/v2\/pages\/248\/revisions"}],"predecessor-version":[{"id":449,"href":"http:\/\/rta.com.mx\/index.php?rest_route=\/wp\/v2\/pages\/248\/revisions\/449"}],"wp:attachment":[{"href":"http:\/\/rta.com.mx\/index.php?rest_route=%2Fwp%2Fv2%2Fmedia&parent=248"}],"curies":[{"name":"wp","href":"https:\/\/api.w.org\/{rel}","templated":true}]}}